{"id":324,"date":"2019-05-29T16:07:58","date_gmt":"2019-05-29T15:07:58","guid":{"rendered":"http:\/\/lecturessurlherbe.fr\/?page_id=324"},"modified":"2019-05-30T14:31:11","modified_gmt":"2019-05-30T13:31:11","slug":"programme-2019","status":"publish","type":"page","link":"https:\/\/lecturessurlherbe.fr\/index.php\/programme-2019\/","title":{"rendered":"Programme 2019"},"content":{"rendered":"\n<p><strong>Lundi 15 juillet 201<\/strong>9<\/p>\n\n\n\n<div class=\"wp-block-image\"><figure class=\"alignleft\"><a href=\"https:\/\/www.partir-en-livre.fr\/\"><img loading=\"lazy\" decoding=\"async\" width=\"212\" height=\"300\" src=\"https:\/\/lecturessurlherbe.fr\/wp-content\/uploads\/2019\/05\/Affiche-Officielle-Nationale-3-212x300.jpg\" alt=\"\" class=\"wp-image-326\" srcset=\"https:\/\/lecturessurlherbe.fr\/wp-content\/uploads\/2019\/05\/Affiche-Officielle-Nationale-3-212x300.jpg 212w, https:\/\/lecturessurlherbe.fr\/wp-content\/uploads\/2019\/05\/Affiche-Officielle-Nationale-3-768x1086.jpg 768w, https:\/\/lecturessurlherbe.fr\/wp-content\/uploads\/2019\/05\/Affiche-Officielle-Nationale-3-724x1024.jpg 724w, https:\/\/lecturessurlherbe.fr\/wp-content\/uploads\/2019\/05\/Affiche-Officielle-Nationale-3-106x150.jpg 106w, https:\/\/lecturessurlherbe.fr\/wp-content\/uploads\/2019\/05\/Affiche-Officielle-Nationale-3.jpg 1240w\" sizes=\"auto, (max-width: 212px) 100vw, 212px\" \/><\/a><\/figure><\/div>\n\n\n\n<p>9h \u2013 <strong>Saint Alban Auriolles<\/strong>\u00a0&#8211; sur le march\u00e9<strong>&#8211; <\/strong> <strong>Lecture publique et rencontre <\/strong>avec <strong><a href=\"https:\/\/lecturessurlherbe.fr\/?p=329\">S\u00e9bastien JOANNIEZ<\/a><\/strong> <br> &#8211;<strong> Atelier\u00a0art plastique <\/strong>sur le th\u00e8me de l&rsquo;eau<br>&#8211; <strong><a href=\"https:\/\/lecturessurlherbe.fr\/index.php\/2016\/05\/31\/braderie-de-livres\/\">Grande braderie de livres<\/a><\/strong> organis\u00e9e par la biblioth\u00e8que municipale.\u00a0 Venez profiter des livres d&rsquo;occasion \u00e0 petits prix! <\/p>\n\n\n\n<p>+<strong><a href=\"https:\/\/lecturessurlherbe.fr\/index.php\/2017\/05\/23\/le-mokiroule\/\">Librairie Le Mokiroule<\/a><\/strong><\/p>\n\n\n\n<p>15h \u2013 <strong>Grospierres<\/strong>\u00a0&#8211; place de la Poste<br>&#8211;<strong><a href=\"https:\/\/lecturessurlherbe.fr\/index.php\/2018\/05\/04\/jeu-de-piste\/\">Jeu de piste<\/a><\/strong> \u00e0 partir d&rsquo;une s\u00e9lection de livres sur le th\u00e8me de l&rsquo;eau.<br> &#8211;<strong> Atelier\u00a0art plastique<\/strong> sur le th\u00e8me de l&rsquo;eau<br> +<strong><a href=\"https:\/\/lecturessurlherbe.fr\/index.php\/2017\/05\/23\/le-mokiroule\/\">Librairie Le Mokiroule<\/a><\/strong><\/p>\n\n\n\n<p>18h \u2013 <strong>Ruoms &#8211;\u00a0<\/strong>camping municipal<br><strong>&#8211; Lecture publique et rencontre <\/strong>avec <strong><a href=\"https:\/\/lecturessurlherbe.fr\/?p=329\">S\u00e9bastien JOANNIEZ<\/a><\/strong> <br> <strong>&#8211; Lecture sous l\u2019arbre<\/strong>\u00a0avec la biblioth\u00e8que municipale et la librairie Ex Libris de Ruoms. <br><strong>&#8211; Atelier art plastique sur le th\u00e8me de l&rsquo;eau <\/strong>en partenariat<strong> avec la maison de retraite<\/strong><\/p>\n\n\n\n<p><\/p>\n\n\n\n<p><\/p>\n\n\n\n<p><\/p>\n\n\n\n<p><strong>Mardi 17 juillet<\/strong><br><br> 9h-15h \u00a0\u2013 Camping de la plage <strong>Peyroche \u2013 Labeaume<\/strong><\/p>\n\n\n\n<ul class=\"wp-block-list\"><li><strong><a href=\"https:\/\/lecturessurlherbe.fr\/index.php\/2017\/05\/23\/boites-a-poemes\/\">Boites \u00e0 po\u00e8mes<\/a> <\/strong>: s\u2019amuser dans des bo\u00eetes \u00e0 po\u00e8mes pour se laisser surprendre, r\u00eaver, s\u2019\u00e9vader<\/li><li>Lectures \u00e0 voix haute : profiter de lectures \u00e0 voix haute offertes juste pour le plaisir des oreilles<\/li><li>Lectures num\u00e9riques :\u00a0 mini-studio d&rsquo;enregistrement avec\u00a0\u00a0<strong><a href=\"https:\/\/lecturessurlherbe.fr\/index.php\/2017\/05\/21\/storyplayr\/\">Storyplay\u2019r<\/a> <\/strong><\/li><li>Jeu de piste avec M\u00e9diacom et le Canop\u00e9<\/li><li>Ap\u00e9ro-livre \u00e0 partir de Kahoot en ligne en lien avec la th\u00e9matique de l&rsquo;eau. Les gagnants se voient offrir des livres!<\/li><\/ul>\n\n\n\n<p><strong>&#8211; Lecture publique et rencontre  <\/strong>avec <strong><a href=\"https:\/\/lecturessurlherbe.fr\/?p=329\">S\u00e9bastien JOANNIEZ<\/a><\/strong>  <\/p>\n\n\n\n<p>+<strong><a href=\"https:\/\/lecturessurlherbe.fr\/index.php\/2017\/05\/23\/le-mokiroule\/\">Librairie Le Mokiroule<\/a><\/strong><\/p>\n\n\n\n<p>A midi : possibilit\u00e9 de pique-nique sur place<br> Ateliers en continu de 10h \u00e0 15h.<br> Enfants de 0 \u00e0 12 ans. Gratuit sur inscription le jour m\u00eame.<br> RDV\u00a0 au Camping de la Plage \u00e0 PEYROCHE (sur la route de St Alban Auriolles, avant le pont de Beaume).<br> sortie GRATUITE. enfants et adultes.<\/p>\n","protected":false},"excerpt":{"rendered":"<p>Lundi 15 juillet 2019 9h \u2013 Saint Alban Auriolles\u00a0&#8211; sur le march\u00e9&#8211; Lecture publique et rencontre avec S\u00e9bastien JOANNIEZ &#8211; Atelier\u00a0art plastique sur le th\u00e8me de l&rsquo;eau&#8211; Grande braderie de livres organis\u00e9e par la biblioth\u00e8que municipale.\u00a0 Venez profiter des livres d&rsquo;occasion \u00e0 petits prix! +Librairie Le Mokiroule 15h \u2013 Grospierres\u00a0&#8211; \u2026<\/p>\n<p class=\"continue-reading-button\"> <a class=\"continue-reading-link\" href=\"https:\/\/lecturessurlherbe.fr\/index.php\/programme-2019\/\">Lire la suite<i class=\"crycon-right-dir\"><\/i><\/a><\/p>\n","protected":false},"author":1,"featured_media":0,"parent":0,"menu_order":0,"comment_status":"closed","ping_status":"closed","template":"","meta":{"footnotes":""},"class_list":["post-324","page","type-page","status-publish","hentry"],"_links":{"self":[{"href":"https:\/\/lecturessurlherbe.fr\/index.php\/wp-json\/wp\/v2\/pages\/324","targetHints":{"allow":["GET"]}}],"collection":[{"href":"https:\/\/lecturessurlherbe.fr\/index.php\/wp-json\/wp\/v2\/pages"}],"about":[{"href":"https:\/\/lecturessurlherbe.fr\/index.php\/wp-json\/wp\/v2\/types\/page"}],"author":[{"embeddable":true,"href":"https:\/\/lecturessurlherbe.fr\/index.php\/wp-json\/wp\/v2\/users\/1"}],"replies":[{"embeddable":true,"href":"https:\/\/lecturessurlherbe.fr\/index.php\/wp-json\/wp\/v2\/comments?post=324"}],"version-history":[{"count":10,"href":"https:\/\/lecturessurlherbe.fr\/index.php\/wp-json\/wp\/v2\/pages\/324\/revisions"}],"predecessor-version":[{"id":351,"href":"https:\/\/lecturessurlherbe.fr\/index.php\/wp-json\/wp\/v2\/pages\/324\/revisions\/351"}],"wp:attachment":[{"href":"https:\/\/lecturessurlherbe.fr\/index.php\/wp-json\/wp\/v2\/media?parent=324"}],"curies":[{"name":"wp","href":"https:\/\/api.w.org\/{rel}","templated":true}]}}