{"id":266,"date":"2018-05-04T12:28:11","date_gmt":"2018-05-04T11:28:11","guid":{"rendered":"http:\/\/lecturessurlherbe.fr\/?page_id=266"},"modified":"2019-05-26T16:06:59","modified_gmt":"2019-05-26T15:06:59","slug":"programme-2018","status":"publish","type":"page","link":"https:\/\/lecturessurlherbe.fr\/index.php\/programme-2018\/","title":{"rendered":"Programme 2018"},"content":{"rendered":"<p><strong><a href=\"https:\/\/www.partir-en-livre.fr\/\"><img loading=\"lazy\" decoding=\"async\" class=\"alignleft size-medium wp-image-267\" src=\"https:\/\/lecturessurlherbe.fr\/wp-content\/uploads\/2018\/05\/Flyer-Partir-en-Livre-212x300.jpg\" alt=\"\" width=\"212\" height=\"300\" srcset=\"https:\/\/lecturessurlherbe.fr\/wp-content\/uploads\/2018\/05\/Flyer-Partir-en-Livre-212x300.jpg 212w, https:\/\/lecturessurlherbe.fr\/wp-content\/uploads\/2018\/05\/Flyer-Partir-en-Livre-768x1086.jpg 768w, https:\/\/lecturessurlherbe.fr\/wp-content\/uploads\/2018\/05\/Flyer-Partir-en-Livre-724x1024.jpg 724w, https:\/\/lecturessurlherbe.fr\/wp-content\/uploads\/2018\/05\/Flyer-Partir-en-Livre-106x150.jpg 106w, https:\/\/lecturessurlherbe.fr\/wp-content\/uploads\/2018\/05\/Flyer-Partir-en-Livre.jpg 1240w\" sizes=\"auto, (max-width: 212px) 100vw, 212px\" \/><\/a><\/strong><\/p>\n<p>&nbsp;<\/p>\n<p><strong>Lundi 16 juillet 2018<\/strong><\/p>\n<p>9h \u2013 <strong>Saint Alban Auriolles<\/strong>\u00a0&#8211; sur le march\u00e9<\/p>\n<p><span style=\"font-family: Arial, sans-serif;\"><b>&#8211; Lecture publique et rencontre <\/b><\/span><span style=\"font-family: Arial, sans-serif;\">avec<strong><a href=\"https:\/\/lecturessurlherbe.fr\/index.php\/2018\/05\/04\/donatienne-ranc\/\"> Donatienne Ranc<br \/>\n<\/a><\/strong><\/span>Lecture du livre \u00ab\u00a0Velez Mosco\u00a0\u00bb aux \u00e9ditions du Lampion<br \/>\n&#8211;<strong> Atelier\u00a0art plastique <a href=\"https:\/\/lecturessurlherbe.fr\/index.php\/2018\/05\/04\/larbre-a-secrets\/\">\u00ab\u00a0L&rsquo;arbre \u00e0 secrets\u00a0\u00bb<\/a><\/strong><br \/>\n<span style=\"color: #943634;\"><span style=\"font-family: Arial, sans-serif;\">\u00e0 partir du livre<\/span><\/span><span style=\"color: #943634;\"><span style=\"font-family: Arial, sans-serif;\"><i> Mon arbre \u00e0 secrets<\/i><\/span><\/span><span style=\"color: #943634;\"><span style=\"font-family: Arial, sans-serif;\"> de Martine Perrin<b><br \/>\n<\/b><\/span><\/span> + <strong><a href=\"https:\/\/lecturessurlherbe.fr\/index.php\/2016\/05\/31\/braderie-de-livres\/\">Grande braderie de livres<\/a><\/strong> organis\u00e9e par la biblioth\u00e8que municipale.\u00a0 Venez profiter des livres d&rsquo;occasion \u00e0 petits prix!<\/p>\n<p>+<strong><a href=\"https:\/\/lecturessurlherbe.fr\/index.php\/2017\/05\/23\/le-mokiroule\/\">Librairie Le Mokiroule<\/a><\/strong><\/p>\n<p>&nbsp;<\/p>\n<p>15h \u2013 <b>Grospierres<\/b>\u00a0&#8211; place de la Poste<\/p>\n<p>&#8211; <a href=\"https:\/\/lecturessurlherbe.fr\/index.php\/2018\/05\/04\/jeu-de-piste\/\"><strong>Jeu de piste<\/strong><\/a> \u00e0 partir d&rsquo;une s\u00e9lection de livres sur le th\u00e8me des arbres.<br \/>\n&#8211;<strong> Atelier\u00a0art plastique <a href=\"https:\/\/lecturessurlherbe.fr\/index.php\/2018\/05\/04\/larbre-a-secrets\/\">\u00ab\u00a0L&rsquo;arbre \u00e0 secrets\u00a0\u00bb<\/a><\/strong><br \/>\n<span style=\"color: #943634;\"><span style=\"font-family: Arial, sans-serif;\">\u00e0 partir du livre<\/span><\/span><span style=\"color: #943634;\"><span style=\"font-family: Arial, sans-serif;\"><i> Mon arbre \u00e0 secrets<\/i><\/span><\/span><span style=\"color: #943634;\"><span style=\"font-family: Arial, sans-serif;\"> de Martine Perrin<b><br \/>\n<\/b><\/span><\/span><br \/>\n+<strong><a href=\"https:\/\/lecturessurlherbe.fr\/index.php\/2017\/05\/23\/le-mokiroule\/\">Librairie Le Mokiroule<\/a><\/strong><\/p>\n<p>18h \u2013 <strong>Ruoms &#8211;\u00a0<\/strong>place de la mairie<\/p>\n<p><span style=\"font-family: Arial, sans-serif;\"><b>&#8211; Lecture publique et rencontre <\/b><\/span><span style=\"font-family: Arial, sans-serif;\">avec<strong><a href=\"https:\/\/lecturessurlherbe.fr\/index.php\/2018\/05\/04\/donatienne-ranc\/\"> Donatienne Ranc<br \/>\n<\/a><\/strong><\/span>Lecture du livre \u00ab\u00a0Velez Mosco\u00a0\u00bb aux \u00e9ditions du Lampion<br \/>\n<span style=\"font-family: Arial, sans-serif;\"><b>&#8211; Lecture sous l\u2019arbre<\/b>\u00a0avec la biblioth\u00e8que municipale et la librairie Ex Libris de Ruoms.<br \/>\n<b>&#8211; Habillage au tricot <\/b><\/span><span style=\"font-family: Arial, sans-serif;\">des arbres en partenariat<\/span><span style=\"font-family: Arial, sans-serif;\"><b> avec la maison de retraite<br \/>\n&#8211; Atelier d\u2019art plastique <a href=\"https:\/\/lecturessurlherbe.fr\/index.php\/2018\/05\/04\/amies-jusquau-bout-des-feuilles\/\">\u00ab\u00a0Le verger fantastique\u00a0\u00bb <\/a><\/b><\/span><span style=\"font-family: Arial, sans-serif;\">\u00e0 partir <\/span><span style=\"font-family: Arial, sans-serif;\"><i>d\u2019Amies jusqu\u2019au bout des feuilles<\/i><\/span><span style=\"font-family: Arial, sans-serif;\"> de Juliet C<\/span><\/p>\n<p>&nbsp;<\/p>\n<p><strong>Mardi 17 juillet<\/strong><br \/>\n10h-15h \u00a0\u2013 Camping de la plage <strong>Peyroche \u2013 Labeaume<\/strong><\/p>\n<p><strong>&#8211; Rencontre<\/strong> et d\u00e9dicaces avec <a href=\"https:\/\/lecturessurlherbe.fr\/index.php\/2018\/05\/04\/juliet-c\/\"><strong>Juliet C.<\/strong><br \/>\n<\/a><span style=\"font-family: Arial, sans-serif;\"><strong>&#8211; Atelier d\u2019art plastique<\/strong><b> <a href=\"https:\/\/lecturessurlherbe.fr\/index.php\/2018\/05\/04\/amies-jusquau-bout-des-feuilles\/\">\u00ab\u00a0Le verger fantastique\u00a0\u00bb <\/a><\/b><\/span><span style=\"font-family: Arial, sans-serif;\">\u00e0 partir <\/span><span style=\"font-family: Arial, sans-serif;\"><i>d\u2019Amies jusqu\u2019au bout des feuilles<\/i><\/span><span style=\"font-family: Arial, sans-serif;\"> de Juliet C<\/span><br \/>\n&#8211; <strong><a href=\"https:\/\/lecturessurlherbe.fr\/index.php\/2017\/05\/23\/boites-a-poemes\/\">Boites \u00e0 po\u00e8mes<\/a> <\/strong>: s\u2019amuser dans des bo\u00eetes \u00e0 po\u00e8mes pour se laisser surprendre, r\u00eaver, s\u2019\u00e9vader<br \/>\n&#8211; Lectures \u00e0 voix haute : profiter de lectures \u00e0 voix haute offertes juste pour le plaisir des oreilles<br \/>\n&#8211; Lectures num\u00e9riques :\u00a0 mini-studio d&rsquo;enregistrement avec\u00a0\u00a0<strong><a href=\"https:\/\/lecturessurlherbe.fr\/index.php\/2017\/05\/21\/storyplayr\/\">Storyplay\u2019r<\/a> <\/strong><br \/>\n&#8211; Jeu de piste avec M\u00e9diacom et le Canop\u00e9<br \/>\n&#8211; Ap\u00e9ro-livre \u00e0 partir de Kahoot en ligne en lien avec la th\u00e9matique des arbres. Les gagnants se voient offrir des livres!<\/p>\n<p><span style=\"font-family: Arial, sans-serif;\"><b>&#8211; Lecture publique et rencontre <\/b><\/span><span style=\"font-family: Arial, sans-serif;\">avec<strong><a href=\"https:\/\/lecturessurlherbe.fr\/index.php\/2018\/05\/04\/donatienne-ranc\/\"> Donatienne Ranc<br \/>\n<\/a><\/strong><\/span>Lecture du livre \u00ab\u00a0Velez Mosco\u00a0\u00bb aux \u00e9ditions du Lampion<\/p>\n<p>+<strong><a href=\"https:\/\/lecturessurlherbe.fr\/index.php\/2017\/05\/23\/le-mokiroule\/\">Librairie Le Mokiroule<\/a><\/strong><\/p>\n<p>A midi : possibilit\u00e9 de pique-nique sur place<br \/>\nAteliers en continu de 10h \u00e0 15h.<br \/>\nEnfants de 0 \u00e0 12 ans. Gratuit sur inscription le jour m\u00eame.<br \/>\nRDV\u00a0 au Point de Vente PEYROCHE (sur la route de St Alban Auriolles, avant le pont de Beaume).<br \/>\nsortie GRATUITE. enfants et adultes.<\/p>\n<p>&nbsp;<\/p>\n","protected":false},"excerpt":{"rendered":"<p>&nbsp; Lundi 16 juillet 2018 9h \u2013 Saint Alban Auriolles\u00a0&#8211; sur le march\u00e9 &#8211; Lecture publique et rencontre avec Donatienne Ranc Lecture du livre \u00ab\u00a0Velez Mosco\u00a0\u00bb aux \u00e9ditions du Lampion &#8211; Atelier\u00a0art plastique \u00ab\u00a0L&rsquo;arbre \u00e0 secrets\u00a0\u00bb \u00e0 partir du livre Mon arbre \u00e0 secrets de Martine Perrin + Grande braderie \u2026<\/p>\n<p class=\"continue-reading-button\"> <a class=\"continue-reading-link\" href=\"https:\/\/lecturessurlherbe.fr\/index.php\/programme-2018\/\">Lire la suite<i class=\"crycon-right-dir\"><\/i><\/a><\/p>\n","protected":false},"author":1,"featured_media":0,"parent":0,"menu_order":0,"comment_status":"closed","ping_status":"closed","template":"","meta":{"footnotes":""},"class_list":["post-266","page","type-page","status-publish","hentry"],"_links":{"self":[{"href":"https:\/\/lecturessurlherbe.fr\/index.php\/wp-json\/wp\/v2\/pages\/266","targetHints":{"allow":["GET"]}}],"collection":[{"href":"https:\/\/lecturessurlherbe.fr\/index.php\/wp-json\/wp\/v2\/pages"}],"about":[{"href":"https:\/\/lecturessurlherbe.fr\/index.php\/wp-json\/wp\/v2\/types\/page"}],"author":[{"embeddable":true,"href":"https:\/\/lecturessurlherbe.fr\/index.php\/wp-json\/wp\/v2\/users\/1"}],"replies":[{"embeddable":true,"href":"https:\/\/lecturessurlherbe.fr\/index.php\/wp-json\/wp\/v2\/comments?post=266"}],"version-history":[{"count":10,"href":"https:\/\/lecturessurlherbe.fr\/index.php\/wp-json\/wp\/v2\/pages\/266\/revisions"}],"predecessor-version":[{"id":318,"href":"https:\/\/lecturessurlherbe.fr\/index.php\/wp-json\/wp\/v2\/pages\/266\/revisions\/318"}],"wp:attachment":[{"href":"https:\/\/lecturessurlherbe.fr\/index.php\/wp-json\/wp\/v2\/media?parent=266"}],"curies":[{"name":"wp","href":"https:\/\/api.w.org\/{rel}","templated":true}]}}