{"id":175,"date":"2017-05-21T17:40:30","date_gmt":"2017-05-21T16:40:30","guid":{"rendered":"http:\/\/lecturessurlherbe.fr\/?page_id=175"},"modified":"2019-05-26T16:06:59","modified_gmt":"2019-05-26T15:06:59","slug":"programme-2017","status":"publish","type":"page","link":"https:\/\/lecturessurlherbe.fr\/index.php\/programme-2017\/","title":{"rendered":"Programme 2017"},"content":{"rendered":"<p><strong><img loading=\"lazy\" decoding=\"async\" class=\"size-medium wp-image-176 alignleft\" src=\"https:\/\/lecturessurlherbe.fr\/wp-content\/uploads\/2017\/05\/affiche2017-212x300.jpg\" alt=\"\" width=\"212\" height=\"300\" srcset=\"https:\/\/lecturessurlherbe.fr\/wp-content\/uploads\/2017\/05\/affiche2017-212x300.jpg 212w, https:\/\/lecturessurlherbe.fr\/wp-content\/uploads\/2017\/05\/affiche2017-768x1086.jpg 768w, https:\/\/lecturessurlherbe.fr\/wp-content\/uploads\/2017\/05\/affiche2017-724x1024.jpg 724w, https:\/\/lecturessurlherbe.fr\/wp-content\/uploads\/2017\/05\/affiche2017-106x150.jpg 106w, https:\/\/lecturessurlherbe.fr\/wp-content\/uploads\/2017\/05\/affiche2017.jpg 1240w\" sizes=\"auto, (max-width: 212px) 100vw, 212px\" \/>Lundi 24 juillet 2017<\/strong><br \/>\n9h \u2013 <strong>Saint Alban Auriolles<\/strong>\u00a0&#8211; sur le march\u00e9<br \/>\n<strong>&#8211;\u00a0<a href=\"https:\/\/lecturessurlherbe.fr\/index.php\/2016\/05\/10\/la-cabane-a-histoires\/\">La Cabane \u00e0 histoires<\/a><\/strong><br \/>\nPour les 4-10 ans, \u00e0 l\u2019ext\u00e9rieur de la biblioth\u00e8que municipale, durant le march\u00e9 hebdomadaire.<br \/>\n&#8211;<strong> <a href=\"https:\/\/lecturessurlherbe.fr\/index.php\/2017\/05\/23\/atelier-art-plastique\/\">Atelier\u00a0art plastique<\/a><\/strong> autour des fruits et l\u00e9gumes \u00e0 la mani\u00e8re de Bruno Munari<br \/>\n+ <strong><a href=\"https:\/\/lecturessurlherbe.fr\/index.php\/2016\/05\/31\/braderie-de-livres\/\">Grande braderie de livres<\/a><\/strong> organis\u00e9e par la biblioth\u00e8que municipale.\u00a0 Venez profiter des livres d&rsquo;occasion \u00e0 petits prix!<br \/>\n+<strong><a href=\"https:\/\/lecturessurlherbe.fr\/index.php\/2017\/05\/23\/le-mokiroule\/\">Librairie Le Mokiroule<\/a><\/strong><\/p>\n<p>18h \u2013 <strong>Ruoms &#8211;\u00a0<\/strong>place de la mairie : Lecture sous l\u2019arbre<br \/>\nEn partenariat avec la biblioth\u00e8que municipale et la librairie Ex Libris de Ruoms.<br \/>\nLecture d&rsquo;albums et de contes sur le th\u00e8me des l\u00e9gumes.<\/p>\n<p>19h &#8211; Point de Vente\u00a0<strong>Peyroche<\/strong> &#8211; Labeaume :\u00a0<strong><a href=\"https:\/\/lecturessurlherbe.fr\/index.php\/2017\/05\/22\/randonnee-contee\/\">Lectures en chemin<\/a><\/strong><br \/>\nBalade d&rsquo;environ 1h au d\u00e9part du hameau de Peyroche pour rejoindre ensuite les Gorges de la Beaume. La compagnie Les Belles Oreilles nous emm\u00e8ne \u00e0 la d\u00e9couverte de contes sur le th\u00e8me des l\u00e9gumes, avec des lectures \u00e0 diff\u00e9rentes \u00e9tapes de la balade.\u00a0RDV 19 h au Point de Vente PEYROCHE (sur la route de St Alban Auriolles, avant le pont de Beaume). sortie GRATUITE. enfants et adultes.<\/p>\n<p><strong>Mardi 25 juillet<\/strong><br \/>\n9h-15h \u00a0\u2013 Camping de la plage <strong>Peyroche \u2013 Labeaume<\/strong><br \/>\n&#8211; <strong><a href=\"https:\/\/lecturessurlherbe.fr\/index.php\/2017\/05\/23\/boites-a-poemes\/\">Boites \u00e0 po\u00e8mes<\/a> <\/strong>: s\u2019amuser dans des bo\u00eetes \u00e0 po\u00e8mes pour se laisser surprendre, r\u00eaver, s\u2019\u00e9vader<br \/>\n&#8211; Lectures \u00e0 voix haute : profiter de lectures \u00e0 voix haute offertes juste pour le plaisir des oreilles<br \/>\n&#8211; <strong><a href=\"https:\/\/lecturessurlherbe.fr\/index.php\/2016\/05\/10\/la-cabane-a-histoires\/\">Cabane \u00e0 histoires<\/a><\/strong> : confortablement install\u00e9s \u00e0 l\u2019int\u00e9rieur de la cabane, les enfants d\u00e9couvrent des albums illustr\u00e9s adapt\u00e9s en version sonore, diffus\u00e9s sous casques<br \/>\n&#8211; Lectures num\u00e9riques : <strong><a href=\"https:\/\/lecturessurlherbe.fr\/index.php\/2017\/05\/21\/storyplayr\/\">Storyplay\u2019r<\/a> <\/strong>en projection sur grand \u00e9cran<br \/>\n&#8211; Lecture sur tablette : en partenariat avec Canop\u00e9<br \/>\n&#8211; Jeu de piste : <strong><a href=\"https:\/\/lecturessurlherbe.fr\/index.php\/2016\/05\/31\/les-livres-se-font-la-malle\/\">les livres se font la malle<\/a><\/strong> avec M\u00e9diacom.<br \/>\n&#8211;<strong> <a href=\"https:\/\/lecturessurlherbe.fr\/index.php\/2017\/05\/23\/atelier-art-plastique\/\">Atelier\u00a0art plastique<\/a><\/strong> autour des fruits et l\u00e9gumes \u00e0 la mani\u00e8re de Bruno Munari<\/p>\n<p>+<strong><a href=\"https:\/\/lecturessurlherbe.fr\/index.php\/2017\/05\/23\/le-mokiroule\/\">Librairie Le Mokiroule<\/a><\/strong><\/p>\n<p>A midi : possibilit\u00e9 de pique-nique sur place suivi d&rsquo;une <strong><a href=\"https:\/\/lecturessurlherbe.fr\/index.php\/2016\/05\/25\/sieste-litteraire\/\">sieste litt\u00e9raire<\/a><\/strong> avec des lectures de Doum Denhez.<br \/>\nAteliers en continu de 9h \u00e0 15h.<br \/>\nEnfants de 0 \u00e0 12 ans. Gratuit sur inscription le jour m\u00eame.<br \/>\nRDV 9 h au Point de Vente PEYROCHE (sur la route de St Alban Auriolles, avant le pont de Beaume).<br \/>\nsortie GRATUITE. enfants et adultes.<\/p>\n<p>&nbsp;<\/p>\n","protected":false},"excerpt":{"rendered":"<p>Lundi 24 juillet 2017 9h \u2013 Saint Alban Auriolles\u00a0&#8211; sur le march\u00e9 &#8211;\u00a0La Cabane \u00e0 histoires Pour les 4-10 ans, \u00e0 l\u2019ext\u00e9rieur de la biblioth\u00e8que municipale, durant le march\u00e9 hebdomadaire. &#8211; Atelier\u00a0art plastique autour des fruits et l\u00e9gumes \u00e0 la mani\u00e8re de Bruno Munari + Grande braderie de livres organis\u00e9e \u2026<\/p>\n<p class=\"continue-reading-button\"> <a class=\"continue-reading-link\" href=\"https:\/\/lecturessurlherbe.fr\/index.php\/programme-2017\/\">Lire la suite<i class=\"crycon-right-dir\"><\/i><\/a><\/p>\n","protected":false},"author":1,"featured_media":0,"parent":0,"menu_order":0,"comment_status":"closed","ping_status":"closed","template":"","meta":{"footnotes":""},"class_list":["post-175","page","type-page","status-publish","hentry"],"_links":{"self":[{"href":"https:\/\/lecturessurlherbe.fr\/index.php\/wp-json\/wp\/v2\/pages\/175","targetHints":{"allow":["GET"]}}],"collection":[{"href":"https:\/\/lecturessurlherbe.fr\/index.php\/wp-json\/wp\/v2\/pages"}],"about":[{"href":"https:\/\/lecturessurlherbe.fr\/index.php\/wp-json\/wp\/v2\/types\/page"}],"author":[{"embeddable":true,"href":"https:\/\/lecturessurlherbe.fr\/index.php\/wp-json\/wp\/v2\/users\/1"}],"replies":[{"embeddable":true,"href":"https:\/\/lecturessurlherbe.fr\/index.php\/wp-json\/wp\/v2\/comments?post=175"}],"version-history":[{"count":14,"href":"https:\/\/lecturessurlherbe.fr\/index.php\/wp-json\/wp\/v2\/pages\/175\/revisions"}],"predecessor-version":[{"id":252,"href":"https:\/\/lecturessurlherbe.fr\/index.php\/wp-json\/wp\/v2\/pages\/175\/revisions\/252"}],"wp:attachment":[{"href":"https:\/\/lecturessurlherbe.fr\/index.php\/wp-json\/wp\/v2\/media?parent=175"}],"curies":[{"name":"wp","href":"https:\/\/api.w.org\/{rel}","templated":true}]}}